{"id":20,"date":"2020-05-04T21:07:43","date_gmt":"2020-05-04T21:07:43","guid":{"rendered":"https:\/\/kamishibai.greenspire.fr\/?page_id=20"},"modified":"2020-12-07T15:50:08","modified_gmt":"2020-12-07T15:50:08","slug":"konfishibai","status":"publish","type":"page","link":"https:\/\/kamishibai.greenspire.fr\/?page_id=20","title":{"rendered":"Kamishibai"},"content":{"rendered":"\n<p>Le Kamishiba\u00ef (\u7d19\u829d\u5c45<a rel=\"noreferrer noopener\" href=\"https:\/\/fr.wikipedia.org\/wiki\/Aide:Japonais\" target=\"_blank\">?<\/a>,&nbsp;litt\u00e9ralement \u00ab&nbsp;pi\u00e8ce de th\u00e9\u00e2tre sur papier&nbsp;\u00bb)&nbsp;est une forme de th\u00e9\u00e2tre qui fut popularis\u00e9e au Japon dans les ann\u00e9es 50 par des vendeurs de rue.<\/p>\n\n\n\n<div class=\"wp-block-image\"><figure class=\"alignleft\"><img loading=\"lazy\" decoding=\"async\" width=\"236\" height=\"153\" src=\"https:\/\/kamishibai.greenspire.fr\/wp-content\/uploads\/2020\/12\/520px-Kamishibai_Performer_In_Japan.jpg\" alt=\"\" class=\"wp-image-214\"\/><figcaption><em>Conteur de rue japonais avec son buta\u00ef<\/em><\/figcaption><\/figure><\/div>\n\n\n\n<p><\/p>\n\n\n\n<p><\/p>\n\n\n\n<p><\/p>\n\n\n\n<p><\/p>\n\n\n\n<p><\/p>\n\n\n\n<p>Le Buta\u00ef, un\u00a0th\u00e9\u00e2tre en bois de taille r\u00e9duite, s&#8217;ouvre pour d\u00e9couvrir les images que le conteur fait d\u00e9filer.<\/p>\n\n\n\n<figure class=\"wp-block-image is-resized\"><img loading=\"lazy\" decoding=\"async\" src=\"https:\/\/kamishibai.greenspire.fr\/wp-content\/uploads\/2020\/12\/Cover_ButaiJaponais-1170x680-1024x595.jpg\" alt=\"\" class=\"wp-image-215\" width=\"260\" height=\"151\" srcset=\"https:\/\/kamishibai.greenspire.fr\/wp-content\/uploads\/2020\/12\/Cover_ButaiJaponais-1170x680-1024x595.jpg 1024w, https:\/\/kamishibai.greenspire.fr\/wp-content\/uploads\/2020\/12\/Cover_ButaiJaponais-1170x680-300x174.jpg 300w, https:\/\/kamishibai.greenspire.fr\/wp-content\/uploads\/2020\/12\/Cover_ButaiJaponais-1170x680-768x446.jpg 768w, https:\/\/kamishibai.greenspire.fr\/wp-content\/uploads\/2020\/12\/Cover_ButaiJaponais-1170x680.jpg 1170w\" sizes=\"auto, (max-width: 260px) 100vw, 260px\" \/><figcaption><em>Buta\u00ef en contreplaqu\u00e9<\/em><\/figcaption><\/figure>\n\n\n\n<p><\/p>\n","protected":false},"excerpt":{"rendered":"<p>Le Kamishiba\u00ef (\u7d19\u829d\u5c45?,&nbsp;litt\u00e9ralement \u00ab&nbsp;pi\u00e8ce de th\u00e9\u00e2tre sur papier&nbsp;\u00bb)&nbsp;est une forme de th\u00e9\u00e2tre qui fut popularis\u00e9e au Japon dans les ann\u00e9es 50 par des vendeurs de rue. Le Buta\u00ef, un\u00a0th\u00e9\u00e2tre en bois de taille r\u00e9duite, s&#8217;ouvre pour d\u00e9couvrir les images que le conteur fait d\u00e9filer.<\/p>\n","protected":false},"author":1,"featured_media":0,"parent":0,"menu_order":0,"comment_status":"closed","ping_status":"closed","template":"","meta":{"footnotes":""},"class_list":["post-20","page","type-page","status-publish","hentry"],"_links":{"self":[{"href":"https:\/\/kamishibai.greenspire.fr\/index.php?rest_route=\/wp\/v2\/pages\/20","targetHints":{"allow":["GET"]}}],"collection":[{"href":"https:\/\/kamishibai.greenspire.fr\/index.php?rest_route=\/wp\/v2\/pages"}],"about":[{"href":"https:\/\/kamishibai.greenspire.fr\/index.php?rest_route=\/wp\/v2\/types\/page"}],"author":[{"embeddable":true,"href":"https:\/\/kamishibai.greenspire.fr\/index.php?rest_route=\/wp\/v2\/users\/1"}],"replies":[{"embeddable":true,"href":"https:\/\/kamishibai.greenspire.fr\/index.php?rest_route=%2Fwp%2Fv2%2Fcomments&post=20"}],"version-history":[{"count":6,"href":"https:\/\/kamishibai.greenspire.fr\/index.php?rest_route=\/wp\/v2\/pages\/20\/revisions"}],"predecessor-version":[{"id":219,"href":"https:\/\/kamishibai.greenspire.fr\/index.php?rest_route=\/wp\/v2\/pages\/20\/revisions\/219"}],"wp:attachment":[{"href":"https:\/\/kamishibai.greenspire.fr\/index.php?rest_route=%2Fwp%2Fv2%2Fmedia&parent=20"}],"curies":[{"name":"wp","href":"https:\/\/api.w.org\/{rel}","templated":true}]}}